{"id":65,"date":"2023-10-27T15:43:20","date_gmt":"2023-10-27T13:43:20","guid":{"rendered":"https:\/\/rozsaszinelefant.com\/?page_id=65"},"modified":"2025-05-20T21:11:46","modified_gmt":"2025-05-20T19:11:46","slug":"magunkrol","status":"publish","type":"page","link":"https:\/\/rozsaszinelefant.com\/en\/magunkrol\/","title":{"rendered":"About us"},"content":{"rendered":"<div data-elementor-type=\"wp-page\" data-elementor-id=\"65\" class=\"elementor elementor-65\" data-elementor-post-type=\"page\">\n\t\t\t\t\t\t<section class=\"elementor-section elementor-top-section elementor-element elementor-element-c7a2898 elementor-section-boxed elementor-section-height-default elementor-section-height-default\" data-id=\"c7a2898\" data-element_type=\"section\" data-e-type=\"section\">\n\t\t\t\t\t\t<div class=\"elementor-container elementor-column-gap-default\">\n\t\t\t\t\t<div class=\"elementor-column elementor-col-100 elementor-top-column elementor-element elementor-element-8e2e9b2\" data-id=\"8e2e9b2\" data-element_type=\"column\" data-e-type=\"column\" data-settings=\"{&quot;background_background&quot;:&quot;classic&quot;}\">\n\t\t\t<div class=\"elementor-widget-wrap elementor-element-populated\">\n\t\t\t\t\t\t<div class=\"elementor-element elementor-element-1e75ee89 elementor-invisible elementor-widget elementor-widget-heading\" data-id=\"1e75ee89\" data-element_type=\"widget\" data-e-type=\"widget\" data-settings=\"{&quot;_animation&quot;:&quot;fadeInUp&quot;}\" data-widget_type=\"heading.default\">\n\t\t\t\t<div class=\"elementor-widget-container\">\n\t\t\t\t\t<h4 class=\"elementor-heading-title elementor-size-default\">We do what we love!\n<\/h4>\t\t\t\t<\/div>\n\t\t\t\t<\/div>\n\t\t\t\t\t<\/div>\n\t\t<\/div>\n\t\t\t\t\t<\/div>\n\t\t<\/section>\n\t\t\t\t<section class=\"elementor-section elementor-top-section elementor-element elementor-element-479822e elementor-section-full_width elementor-section-height-min-height elementor-section-items-stretch elementor-section-content-middle elementor-reverse-mobile elementor-reverse-tablet elementor-section-height-default\" data-id=\"479822e\" data-element_type=\"section\" data-e-type=\"section\">\n\t\t\t\t\t\t<div class=\"elementor-container elementor-column-gap-no\">\n\t\t\t\t\t<div class=\"elementor-column elementor-col-50 elementor-top-column elementor-element elementor-element-14fe0b6\" data-id=\"14fe0b6\" data-element_type=\"column\" data-e-type=\"column\">\n\t\t\t<div class=\"elementor-widget-wrap elementor-element-populated\">\n\t\t\t\t\t\t<div class=\"elementor-element elementor-element-4ff73119 elementor-invisible elementor-widget elementor-widget-text-editor\" data-id=\"4ff73119\" data-element_type=\"widget\" data-e-type=\"widget\" data-settings=\"{&quot;_animation&quot;:&quot;fadeIn&quot;}\" data-widget_type=\"text-editor.default\">\n\t\t\t\t<div class=\"elementor-widget-container\">\n\t\t\t\t\t\t\t\t\t<p class=\"\" data-start=\"82\" data-end=\"310\">We are a creative HoReCa consultancy and social media agency. Our goal is to help your hospitality business thrive online, making it easier for guests to find and get to know you.<\/p><p class=\"\" data-start=\"312\" data-end=\"500\">Thanks to the nature of our work, we\u2019ve been in daily contact with restaurant and hospitality owners and managers for over 20 years, giving us a level of experience that is unique even on an international scale. We understand that for those running hospitality businesses, time is a precious resource \u2014 and there's often none left for managing Google, Tripadvisor, or social media pages, let alone creating engaging content.<\/p><p class=\"\" data-start=\"502\" data-end=\"716\">Having a strong presence on online platforms is essential for attracting new guests and maintaining loyalty. That\u2019s where we come in \u2014 we are R\u00f3zsasz\u00edn Elef\u00e1nt!<\/p><p class=\"\" data-start=\"718\" data-end=\"831\">We help you develop a new drink menu, refresh your website, and take over the task of growing your social media presence \u2014 so you can focus on your guests and running your business with peace of mind.<\/p>\t\t\t\t\t\t\t\t<\/div>\n\t\t\t\t<\/div>\n\t\t\t\t<div class=\"elementor-element elementor-element-3c0357e elementor-widget elementor-widget-heading\" data-id=\"3c0357e\" data-element_type=\"widget\" data-e-type=\"widget\" data-widget_type=\"heading.default\">\n\t\t\t\t<div class=\"elementor-widget-container\">\n\t\t\t\t\t<h2 class=\"elementor-heading-title elementor-size-default\">That\u2019s where the Pink Elephant comes in.<br>a R\u00f3zsasz\u00edn Elef\u00e1nt!<\/h2>\t\t\t\t<\/div>\n\t\t\t\t<\/div>\n\t\t\t\t<div class=\"elementor-element elementor-element-74f9fb8 elementor-widget elementor-widget-spacer\" data-id=\"74f9fb8\" data-element_type=\"widget\" data-e-type=\"widget\" data-widget_type=\"spacer.default\">\n\t\t\t\t<div class=\"elementor-widget-container\">\n\t\t\t\t\t\t\t<div class=\"elementor-spacer\">\n\t\t\t<div class=\"elementor-spacer-inner\"><\/div>\n\t\t<\/div>\n\t\t\t\t\t\t<\/div>\n\t\t\t\t<\/div>\n\t\t\t\t\t<\/div>\n\t\t<\/div>\n\t\t\t\t<div class=\"elementor-column elementor-col-50 elementor-top-column elementor-element elementor-element-f1366db\" data-id=\"f1366db\" data-element_type=\"column\" data-e-type=\"column\" data-settings=\"{&quot;background_background&quot;:&quot;classic&quot;}\">\n\t\t\t<div class=\"elementor-widget-wrap elementor-element-populated\">\n\t\t\t\t\t\t<div class=\"elementor-element elementor-element-1f73d3c elementor-widget elementor-widget-spacer\" data-id=\"1f73d3c\" data-element_type=\"widget\" data-e-type=\"widget\" data-widget_type=\"spacer.default\">\n\t\t\t\t<div class=\"elementor-widget-container\">\n\t\t\t\t\t\t\t<div class=\"elementor-spacer\">\n\t\t\t<div class=\"elementor-spacer-inner\"><\/div>\n\t\t<\/div>\n\t\t\t\t\t\t<\/div>\n\t\t\t\t<\/div>\n\t\t\t\t\t<\/div>\n\t\t<\/div>\n\t\t\t\t\t<\/div>\n\t\t<\/section>\n\t\t\t\t<section class=\"elementor-section elementor-top-section elementor-element elementor-element-37d7908 elementor-section-boxed elementor-section-height-default elementor-section-height-default\" data-id=\"37d7908\" data-element_type=\"section\" data-e-type=\"section\">\n\t\t\t\t\t\t<div class=\"elementor-container elementor-column-gap-default\">\n\t\t\t\t\t<div class=\"elementor-column elementor-col-100 elementor-top-column elementor-element elementor-element-d5cfd9f\" data-id=\"d5cfd9f\" data-element_type=\"column\" data-e-type=\"column\">\n\t\t\t<div class=\"elementor-widget-wrap elementor-element-populated\">\n\t\t\t\t\t\t<div class=\"elementor-element elementor-element-48bc990 elementor-widget elementor-widget-spacer\" data-id=\"48bc990\" data-element_type=\"widget\" data-e-type=\"widget\" data-widget_type=\"spacer.default\">\n\t\t\t\t<div class=\"elementor-widget-container\">\n\t\t\t\t\t\t\t<div class=\"elementor-spacer\">\n\t\t\t<div class=\"elementor-spacer-inner\"><\/div>\n\t\t<\/div>\n\t\t\t\t\t\t<\/div>\n\t\t\t\t<\/div>\n\t\t\t\t\t<\/div>\n\t\t<\/div>\n\t\t\t\t\t<\/div>\n\t\t<\/section>\n\t\t\t\t<\/div>","protected":false},"excerpt":{"rendered":"<p>Azt csin\u00e1ljuk, amit szeret\u00fcnk! Kreat\u00edv HoReCa tan\u00e1csad\u00f3 \u00e9s social media \u00fcgyn\u00f6ks\u00e9g vagyunk. C\u00e9lunk, hogy seg\u00edts\u00fcnk a vend\u00e9gl\u00e1t\u00f3 egys\u00e9ged online jelenl\u00e9t\u00e9t felvir\u00e1goztatni, melynek k\u00f6sz\u00f6nhet\u0151en a vend\u00e9gek k\u00f6nnyebben r\u00e1d tal\u00e1lhatnak \u00e9s megismerhetnek. Munk\u00e1nkb\u00f3l ad\u00f3d\u00f3an, t\u00f6bb mint 20 \u00e9ve napi szinten kapcsolatban \u00e1llunk a vend\u00e9gl\u00e1t\u00f3helyek tulajdonosaival, \u00fczletvezet\u0151ivel, ez\u00e1ltal tapasztalatunk nemzetk\u00f6zi szinten is egyed\u00fcl\u00e1ll\u00f3nak mondhat\u00f3. Tudjuk, hogy a vend\u00e9gl\u00e1t\u00e1st [&hellip;]<\/p>\n","protected":false},"author":1,"featured_media":0,"parent":0,"menu_order":0,"comment_status":"closed","ping_status":"closed","template":"elementor_header_footer","meta":{"site-sidebar-layout":"default","site-content-layout":"","ast-site-content-layout":"default","site-content-style":"default","site-sidebar-style":"default","ast-global-header-display":"","ast-banner-title-visibility":"","ast-main-header-display":"","ast-hfb-above-header-display":"","ast-hfb-below-header-display":"","ast-hfb-mobile-header-display":"","site-post-title":"","ast-breadcrumbs-content":"","ast-featured-img":"","footer-sml-layout":"","ast-disable-related-posts":"","theme-transparent-header-meta":"default","adv-header-id-meta":"","stick-header-meta":"","header-above-stick-meta":"","header-main-stick-meta":"","header-below-stick-meta":"","astra-migrate-meta-layouts":"set","ast-page-background-enabled":"default","ast-page-background-meta":{"desktop":{"background-color":"var(--ast-global-color-4)","background-image":"","background-repeat":"repeat","background-position":"center center","background-size":"auto","background-attachment":"scroll","background-type":"","background-media":"","overlay-type":"","overlay-color":"","overlay-opacity":"","overlay-gradient":""},"tablet":{"background-color":"","background-image":"","background-repeat":"repeat","background-position":"center center","background-size":"auto","background-attachment":"scroll","background-type":"","background-media":"","overlay-type":"","overlay-color":"","overlay-opacity":"","overlay-gradient":""},"mobile":{"background-color":"","background-image":"","background-repeat":"repeat","background-position":"center center","background-size":"auto","background-attachment":"scroll","background-type":"","background-media":"","overlay-type":"","overlay-color":"","overlay-opacity":"","overlay-gradient":""}},"ast-content-background-meta":{"desktop":{"background-color":"var(--ast-global-color-5)","background-image":"","background-repeat":"repeat","background-position":"center center","background-size":"auto","background-attachment":"scroll","background-type":"","background-media":"","overlay-type":"","overlay-color":"","overlay-opacity":"","overlay-gradient":""},"tablet":{"background-color":"var(--ast-global-color-5)","background-image":"","background-repeat":"repeat","background-position":"center center","background-size":"auto","background-attachment":"scroll","background-type":"","background-media":"","overlay-type":"","overlay-color":"","overlay-opacity":"","overlay-gradient":""},"mobile":{"background-color":"var(--ast-global-color-5)","background-image":"","background-repeat":"repeat","background-position":"center center","background-size":"auto","background-attachment":"scroll","background-type":"","background-media":"","overlay-type":"","overlay-color":"","overlay-opacity":"","overlay-gradient":""}},"footnotes":""},"class_list":["post-65","page","type-page","status-publish","hentry"],"yoast_head":"<!-- This site is optimized with the Yoast SEO plugin v27.6 - https:\/\/yoast.com\/product\/yoast-seo-wordpress\/ -->\n<title>R\u00f3lunk - rozsaszinelefant.com<\/title>\n<meta name=\"robots\" content=\"index, follow, max-snippet:-1, max-image-preview:large, max-video-preview:-1\" \/>\n<link rel=\"canonical\" href=\"https:\/\/rozsaszinelefant.com\/en\/magunkrol\/\" \/>\n<meta property=\"og:locale\" content=\"en_GB\" \/>\n<meta property=\"og:type\" content=\"article\" \/>\n<meta property=\"og:title\" content=\"R\u00f3lunk - rozsaszinelefant.com\" \/>\n<meta property=\"og:description\" content=\"Azt csin\u00e1ljuk, amit szeret\u00fcnk! Kreat\u00edv HoReCa tan\u00e1csad\u00f3 \u00e9s social media \u00fcgyn\u00f6ks\u00e9g vagyunk. C\u00e9lunk, hogy seg\u00edts\u00fcnk a vend\u00e9gl\u00e1t\u00f3 egys\u00e9ged online jelenl\u00e9t\u00e9t felvir\u00e1goztatni, melynek k\u00f6sz\u00f6nhet\u0151en a vend\u00e9gek k\u00f6nnyebben r\u00e1d tal\u00e1lhatnak \u00e9s megismerhetnek. Munk\u00e1nkb\u00f3l ad\u00f3d\u00f3an, t\u00f6bb mint 20 \u00e9ve napi szinten kapcsolatban \u00e1llunk a vend\u00e9gl\u00e1t\u00f3helyek tulajdonosaival, \u00fczletvezet\u0151ivel, ez\u00e1ltal tapasztalatunk nemzetk\u00f6zi szinten is egyed\u00fcl\u00e1ll\u00f3nak mondhat\u00f3. Tudjuk, hogy a vend\u00e9gl\u00e1t\u00e1st [&hellip;]\" \/>\n<meta property=\"og:url\" content=\"https:\/\/rozsaszinelefant.com\/en\/magunkrol\/\" \/>\n<meta property=\"og:site_name\" content=\"rozsaszinelefant.com\" \/>\n<meta property=\"article:modified_time\" content=\"2025-05-20T19:11:46+00:00\" \/>\n<meta name=\"twitter:card\" content=\"summary_large_image\" \/>\n<meta name=\"twitter:label1\" content=\"Estimated reading time\" \/>\n\t<meta name=\"twitter:data1\" content=\"1 minute\" \/>\n<script type=\"application\/ld+json\" class=\"yoast-schema-graph\">{\"@context\":\"https:\\\/\\\/schema.org\",\"@graph\":[{\"@type\":\"WebPage\",\"@id\":\"https:\\\/\\\/rozsaszinelefant.com\\\/magunkrol\\\/\",\"url\":\"https:\\\/\\\/rozsaszinelefant.com\\\/magunkrol\\\/\",\"name\":\"R\u00f3lunk - rozsaszinelefant.com\",\"isPartOf\":{\"@id\":\"https:\\\/\\\/rozsaszinelefant.com\\\/#website\"},\"datePublished\":\"2023-10-27T13:43:20+00:00\",\"dateModified\":\"2025-05-20T19:11:46+00:00\",\"breadcrumb\":{\"@id\":\"https:\\\/\\\/rozsaszinelefant.com\\\/magunkrol\\\/#breadcrumb\"},\"inLanguage\":\"en-GB\",\"potentialAction\":[{\"@type\":\"ReadAction\",\"target\":[\"https:\\\/\\\/rozsaszinelefant.com\\\/magunkrol\\\/\"]}]},{\"@type\":\"BreadcrumbList\",\"@id\":\"https:\\\/\\\/rozsaszinelefant.com\\\/magunkrol\\\/#breadcrumb\",\"itemListElement\":[{\"@type\":\"ListItem\",\"position\":1,\"name\":\"Kezd\u0151lap\",\"item\":\"https:\\\/\\\/rozsaszinelefant.com\\\/\"},{\"@type\":\"ListItem\",\"position\":2,\"name\":\"R\u00f3lunk\"}]},{\"@type\":\"WebSite\",\"@id\":\"https:\\\/\\\/rozsaszinelefant.com\\\/#website\",\"url\":\"https:\\\/\\\/rozsaszinelefant.com\\\/\",\"name\":\"rozsaszinelefant.com\",\"description\":\"\",\"publisher\":{\"@id\":\"https:\\\/\\\/rozsaszinelefant.com\\\/#organization\"},\"potentialAction\":[{\"@type\":\"SearchAction\",\"target\":{\"@type\":\"EntryPoint\",\"urlTemplate\":\"https:\\\/\\\/rozsaszinelefant.com\\\/?s={search_term_string}\"},\"query-input\":{\"@type\":\"PropertyValueSpecification\",\"valueRequired\":true,\"valueName\":\"search_term_string\"}}],\"inLanguage\":\"en-GB\"},{\"@type\":\"Organization\",\"@id\":\"https:\\\/\\\/rozsaszinelefant.com\\\/#organization\",\"name\":\"rozsaszinelefant.com\",\"url\":\"https:\\\/\\\/rozsaszinelefant.com\\\/\",\"logo\":{\"@type\":\"ImageObject\",\"inLanguage\":\"en-GB\",\"@id\":\"https:\\\/\\\/rozsaszinelefant.com\\\/#\\\/schema\\\/logo\\\/image\\\/\",\"url\":\"https:\\\/\\\/rozsaszinelefant.com\\\/wp-content\\\/uploads\\\/2025\\\/05\\\/rozsaszinelefant-logo-001.svg\",\"contentUrl\":\"https:\\\/\\\/rozsaszinelefant.com\\\/wp-content\\\/uploads\\\/2025\\\/05\\\/rozsaszinelefant-logo-001.svg\",\"width\":893,\"height\":499,\"caption\":\"rozsaszinelefant.com\"},\"image\":{\"@id\":\"https:\\\/\\\/rozsaszinelefant.com\\\/#\\\/schema\\\/logo\\\/image\\\/\"}}]}<\/script>\n<!-- \/ Yoast SEO plugin. -->","yoast_head_json":{"title":"R\u00f3lunk - rozsaszinelefant.com","robots":{"index":"index","follow":"follow","max-snippet":"max-snippet:-1","max-image-preview":"max-image-preview:large","max-video-preview":"max-video-preview:-1"},"canonical":"https:\/\/rozsaszinelefant.com\/en\/magunkrol\/","og_locale":"en_GB","og_type":"article","og_title":"R\u00f3lunk - rozsaszinelefant.com","og_description":"Azt csin\u00e1ljuk, amit szeret\u00fcnk! Kreat\u00edv HoReCa tan\u00e1csad\u00f3 \u00e9s social media \u00fcgyn\u00f6ks\u00e9g vagyunk. C\u00e9lunk, hogy seg\u00edts\u00fcnk a vend\u00e9gl\u00e1t\u00f3 egys\u00e9ged online jelenl\u00e9t\u00e9t felvir\u00e1goztatni, melynek k\u00f6sz\u00f6nhet\u0151en a vend\u00e9gek k\u00f6nnyebben r\u00e1d tal\u00e1lhatnak \u00e9s megismerhetnek. Munk\u00e1nkb\u00f3l ad\u00f3d\u00f3an, t\u00f6bb mint 20 \u00e9ve napi szinten kapcsolatban \u00e1llunk a vend\u00e9gl\u00e1t\u00f3helyek tulajdonosaival, \u00fczletvezet\u0151ivel, ez\u00e1ltal tapasztalatunk nemzetk\u00f6zi szinten is egyed\u00fcl\u00e1ll\u00f3nak mondhat\u00f3. Tudjuk, hogy a vend\u00e9gl\u00e1t\u00e1st [&hellip;]","og_url":"https:\/\/rozsaszinelefant.com\/en\/magunkrol\/","og_site_name":"rozsaszinelefant.com","article_modified_time":"2025-05-20T19:11:46+00:00","twitter_card":"summary_large_image","twitter_misc":{"Estimated reading time":"1 minute"},"schema":{"@context":"https:\/\/schema.org","@graph":[{"@type":"WebPage","@id":"https:\/\/rozsaszinelefant.com\/magunkrol\/","url":"https:\/\/rozsaszinelefant.com\/magunkrol\/","name":"R\u00f3lunk - rozsaszinelefant.com","isPartOf":{"@id":"https:\/\/rozsaszinelefant.com\/#website"},"datePublished":"2023-10-27T13:43:20+00:00","dateModified":"2025-05-20T19:11:46+00:00","breadcrumb":{"@id":"https:\/\/rozsaszinelefant.com\/magunkrol\/#breadcrumb"},"inLanguage":"en-GB","potentialAction":[{"@type":"ReadAction","target":["https:\/\/rozsaszinelefant.com\/magunkrol\/"]}]},{"@type":"BreadcrumbList","@id":"https:\/\/rozsaszinelefant.com\/magunkrol\/#breadcrumb","itemListElement":[{"@type":"ListItem","position":1,"name":"Kezd\u0151lap","item":"https:\/\/rozsaszinelefant.com\/"},{"@type":"ListItem","position":2,"name":"R\u00f3lunk"}]},{"@type":"WebSite","@id":"https:\/\/rozsaszinelefant.com\/#website","url":"https:\/\/rozsaszinelefant.com\/","name":"rozsaszinelefant.com","description":"","publisher":{"@id":"https:\/\/rozsaszinelefant.com\/#organization"},"potentialAction":[{"@type":"SearchAction","target":{"@type":"EntryPoint","urlTemplate":"https:\/\/rozsaszinelefant.com\/?s={search_term_string}"},"query-input":{"@type":"PropertyValueSpecification","valueRequired":true,"valueName":"search_term_string"}}],"inLanguage":"en-GB"},{"@type":"Organization","@id":"https:\/\/rozsaszinelefant.com\/#organization","name":"rozsaszinelefant.com","url":"https:\/\/rozsaszinelefant.com\/","logo":{"@type":"ImageObject","inLanguage":"en-GB","@id":"https:\/\/rozsaszinelefant.com\/#\/schema\/logo\/image\/","url":"https:\/\/rozsaszinelefant.com\/wp-content\/uploads\/2025\/05\/rozsaszinelefant-logo-001.svg","contentUrl":"https:\/\/rozsaszinelefant.com\/wp-content\/uploads\/2025\/05\/rozsaszinelefant-logo-001.svg","width":893,"height":499,"caption":"rozsaszinelefant.com"},"image":{"@id":"https:\/\/rozsaszinelefant.com\/#\/schema\/logo\/image\/"}}]}},"_links":{"self":[{"href":"https:\/\/rozsaszinelefant.com\/en\/wp-json\/wp\/v2\/pages\/65","targetHints":{"allow":["GET"]}}],"collection":[{"href":"https:\/\/rozsaszinelefant.com\/en\/wp-json\/wp\/v2\/pages"}],"about":[{"href":"https:\/\/rozsaszinelefant.com\/en\/wp-json\/wp\/v2\/types\/page"}],"author":[{"embeddable":true,"href":"https:\/\/rozsaszinelefant.com\/en\/wp-json\/wp\/v2\/users\/1"}],"replies":[{"embeddable":true,"href":"https:\/\/rozsaszinelefant.com\/en\/wp-json\/wp\/v2\/comments?post=65"}],"version-history":[{"count":366,"href":"https:\/\/rozsaszinelefant.com\/en\/wp-json\/wp\/v2\/pages\/65\/revisions"}],"predecessor-version":[{"id":3008,"href":"https:\/\/rozsaszinelefant.com\/en\/wp-json\/wp\/v2\/pages\/65\/revisions\/3008"}],"wp:attachment":[{"href":"https:\/\/rozsaszinelefant.com\/en\/wp-json\/wp\/v2\/media?parent=65"}],"curies":[{"name":"wp","href":"https:\/\/api.w.org\/{rel}","templated":true}]}}