{"id":49,"date":"2023-10-27T15:43:17","date_gmt":"2023-10-27T13:43:17","guid":{"rendered":"https:\/\/rozsaszinelefant.com\/?page_id=49"},"modified":"2023-10-27T18:08:25","modified_gmt":"2023-10-27T16:08:25","slug":"miert-csak-vendeglatoknak","status":"publish","type":"page","link":"https:\/\/rozsaszinelefant.com\/en\/miert-csak-vendeglatoknak\/","title":{"rendered":"Mi\u00e9rt csak vend\u00e9gl\u00e1t\u00f3knak?"},"content":{"rendered":"<div data-elementor-type=\"wp-page\" data-elementor-id=\"49\" class=\"elementor elementor-49\" data-elementor-post-type=\"page\">\n\t\t\t\t\t\t<section class=\"elementor-section elementor-top-section elementor-element elementor-element-f713993 elementor-section-full_width elementor-section-height-min-height elementor-section-items-stretch elementor-section-content-middle elementor-reverse-mobile elementor-reverse-tablet elementor-section-height-default\" data-id=\"f713993\" data-element_type=\"section\" data-e-type=\"section\">\n\t\t\t\t\t\t<div class=\"elementor-container elementor-column-gap-no\">\n\t\t\t\t\t<div class=\"elementor-column elementor-col-50 elementor-top-column elementor-element elementor-element-1d86774d\" data-id=\"1d86774d\" data-element_type=\"column\" data-e-type=\"column\">\n\t\t\t<div class=\"elementor-widget-wrap elementor-element-populated\">\n\t\t\t\t\t\t<div class=\"elementor-element elementor-element-28cccdc6 animated-fast elementor-invisible elementor-widget elementor-widget-heading\" data-id=\"28cccdc6\" data-element_type=\"widget\" data-e-type=\"widget\" data-settings=\"{&quot;_animation&quot;:&quot;fadeIn&quot;}\" data-widget_type=\"heading.default\">\n\t\t\t\t<div class=\"elementor-widget-container\">\n\t\t\t\t\t<h1 class=\"elementor-heading-title elementor-size-default\">Mi\u00e9rt csak vend\u00e9gl\u00e1t\u00f3knak?<\/h1>\t\t\t\t<\/div>\n\t\t\t\t<\/div>\n\t\t\t\t<div class=\"elementor-element elementor-element-57e9371 elementor-widget elementor-widget-text-editor\" data-id=\"57e9371\" data-element_type=\"widget\" data-e-type=\"widget\" data-widget_type=\"text-editor.default\">\n\t\t\t\t<div class=\"elementor-widget-container\">\n\t\t\t\t\t\t\t\t\t<p>Lorem ipsum dolor sit amet, consectetur adipiscing elit. Ut elit tellus, luctus nec ullamcorper mattis, pulvinar dapibus leo.<\/p>\t\t\t\t\t\t\t\t<\/div>\n\t\t\t\t<\/div>\n\t\t\t\t\t<\/div>\n\t\t<\/div>\n\t\t\t\t<div class=\"elementor-column elementor-col-50 elementor-top-column elementor-element elementor-element-1cb46d89\" data-id=\"1cb46d89\" data-element_type=\"column\" data-e-type=\"column\" data-settings=\"{&quot;background_background&quot;:&quot;classic&quot;}\">\n\t\t\t<div class=\"elementor-widget-wrap elementor-element-populated\">\n\t\t\t\t\t\t<div class=\"elementor-element elementor-element-7552a5ef elementor-widget elementor-widget-spacer\" data-id=\"7552a5ef\" data-element_type=\"widget\" data-e-type=\"widget\" data-widget_type=\"spacer.default\">\n\t\t\t\t<div class=\"elementor-widget-container\">\n\t\t\t\t\t\t\t<div class=\"elementor-spacer\">\n\t\t\t<div class=\"elementor-spacer-inner\"><\/div>\n\t\t<\/div>\n\t\t\t\t\t\t<\/div>\n\t\t\t\t<\/div>\n\t\t\t\t\t<\/div>\n\t\t<\/div>\n\t\t\t\t\t<\/div>\n\t\t<\/section>\n\t\t\t\t<section class=\"elementor-section elementor-top-section elementor-element elementor-element-3d126ac5 elementor-section-full_width elementor-section-content-top elementor-section-height-default elementor-section-height-default\" data-id=\"3d126ac5\" data-element_type=\"section\" data-e-type=\"section\" id=\"moreinfo\">\n\t\t\t\t\t\t<div class=\"elementor-container elementor-column-gap-no\">\n\t\t\t\t\t<div class=\"elementor-column elementor-col-50 elementor-top-column elementor-element elementor-element-3bf33468 elementor-invisible\" data-id=\"3bf33468\" data-element_type=\"column\" data-e-type=\"column\" data-settings=\"{&quot;background_background&quot;:&quot;classic&quot;,&quot;animation&quot;:&quot;fadeIn&quot;,&quot;animation_mobile&quot;:&quot;none&quot;}\">\n\t\t\t<div class=\"elementor-widget-wrap elementor-element-populated\">\n\t\t\t\t\t\t<div class=\"elementor-element elementor-element-6132970a elementor-widget elementor-widget-heading\" data-id=\"6132970a\" data-element_type=\"widget\" data-e-type=\"widget\" data-widget_type=\"heading.default\">\n\t\t\t\t<div class=\"elementor-widget-container\">\n\t\t\t\t\t<h3 class=\"elementor-heading-title elementor-size-default\">C\u00edm<\/h3>\t\t\t\t<\/div>\n\t\t\t\t<\/div>\n\t\t\t\t<div class=\"elementor-element elementor-element-4c6fc77f elementor-invisible elementor-widget elementor-widget-text-editor\" data-id=\"4c6fc77f\" data-element_type=\"widget\" data-e-type=\"widget\" data-settings=\"{&quot;_animation&quot;:&quot;fadeIn&quot;}\" data-widget_type=\"text-editor.default\">\n\t\t\t\t<div class=\"elementor-widget-container\">\n\t\t\t\t\t\t\t\t\tMorbi ut vestibulum nunc, eget iaculis massa. Vivamus eget eleifend velit. Nullam metus enim, consequat in maximus ut, rutrum sed leo. Quisque vitae feugiat dolor, eget egestas velit. Cras interdum dolor ut vulputate interdum. Duis et ligula suscipit, porttitor elit vitae, pellentesque metus. Aliquam tempor felis quis nisi placerat, quis dictum enim \t\t\t\t\t\t\t\t<\/div>\n\t\t\t\t<\/div>\n\t\t\t\t<div class=\"elementor-element elementor-element-3a6a0fba elementor-widget elementor-widget-heading\" data-id=\"3a6a0fba\" data-element_type=\"widget\" data-e-type=\"widget\" data-widget_type=\"heading.default\">\n\t\t\t\t<div class=\"elementor-widget-container\">\n\t\t\t\t\t<h3 class=\"elementor-heading-title elementor-size-default\">C\u00edm<\/h3>\t\t\t\t<\/div>\n\t\t\t\t<\/div>\n\t\t\t\t<div class=\"elementor-element elementor-element-26ec2e31 elementor-invisible elementor-widget elementor-widget-text-editor\" data-id=\"26ec2e31\" data-element_type=\"widget\" data-e-type=\"widget\" data-settings=\"{&quot;_animation&quot;:&quot;fadeIn&quot;}\" data-widget_type=\"text-editor.default\">\n\t\t\t\t<div class=\"elementor-widget-container\">\n\t\t\t\t\t\t\t\t\tMorbi ut vestibulum nunc, eget iaculis massa. Vivamus eget eleifend velit. Nullam metus enim, consequat in maximus ut, rutrum sed leo. Quisque vitae feugiat dolor, eget egestas velit. Cras interdum dolor ut vulputate interdum. Duis et ligula suscipit, porttitor elit vitae, pellentesque metus. Aliquam tempor felis quis nisi placerat, quis dictum enim \t\t\t\t\t\t\t\t<\/div>\n\t\t\t\t<\/div>\n\t\t\t\t\t<\/div>\n\t\t<\/div>\n\t\t\t\t<div class=\"elementor-column elementor-col-50 elementor-top-column elementor-element elementor-element-4efb4248 elementor-invisible\" data-id=\"4efb4248\" data-element_type=\"column\" data-e-type=\"column\" data-settings=\"{&quot;background_background&quot;:&quot;classic&quot;,&quot;animation&quot;:&quot;fadeIn&quot;,&quot;animation_delay&quot;:&quot;200&quot;,&quot;animation_mobile&quot;:&quot;none&quot;}\">\n\t\t\t<div class=\"elementor-widget-wrap elementor-element-populated\">\n\t\t\t\t\t\t<div class=\"elementor-element elementor-element-d1b3943 elementor-widget elementor-widget-heading\" data-id=\"d1b3943\" data-element_type=\"widget\" data-e-type=\"widget\" data-widget_type=\"heading.default\">\n\t\t\t\t<div class=\"elementor-widget-container\">\n\t\t\t\t\t<h3 class=\"elementor-heading-title elementor-size-default\">C\u00edm<\/h3>\t\t\t\t<\/div>\n\t\t\t\t<\/div>\n\t\t\t\t<div class=\"elementor-element elementor-element-20d21b86 elementor-invisible elementor-widget elementor-widget-text-editor\" data-id=\"20d21b86\" data-element_type=\"widget\" data-e-type=\"widget\" data-settings=\"{&quot;_animation&quot;:&quot;fadeIn&quot;}\" data-widget_type=\"text-editor.default\">\n\t\t\t\t<div class=\"elementor-widget-container\">\n\t\t\t\t\t\t\t\t\tLorem ipsum dolor sit amet, consectet adipiscing\u00a0elit,sed do eiusm por incididunt ut labore et dolore magna aliqua. Ut enim ad minim veniam, quis nostrud exercitation ullamco laboris nisi ut aliquip ex ea sint occaecat cupidatat non proident, sunt in culpa qui officia mollit natoque consequat massa quis enim. Donec pede justo, fringilla vitae, eleifend acer sem neque sed ipsum. Nam quam nunc, blandit vel, ridiculus mus. Donec Lorem ipsum dolor sit amet, consectet adipiscing\u00a0elit,sed do eiusm por incididunt ut labore et dolore magna aliqua. Ut enim ad minim veniam, quis nostrud exercitation ullamco laboris nisi ut aliquip ex ea sint occaecat cupidatat non proident, sunt in culpa Lorem ipsum dolor sit amet, consectet adipiscing\u00a0elit,sed do eiusm por incididunt ut qui officia mollit natoque consequat massa quis enim. Donec pede justo, fringilla vitae, eleifend acer sem neque sed ipsum. Nam quam nunc, blandit vel, ridiculus mus. Donec Lorem ipsum dolor sit amet, consectet adipiscing\u00a0elit,sed do eiusm por incididunt ut labore et dolore magna aliqua. Ut enim ad minim veniam, quis nostrud exercitation ullamco laboris nisi ut aliquip ex ea sint occaecat cupidatat non proident, sunt in culpa \t\t\t\t\t\t\t\t<\/div>\n\t\t\t\t<\/div>\n\t\t\t\t\t<\/div>\n\t\t<\/div>\n\t\t\t\t\t<\/div>\n\t\t<\/section>\n\t\t\t\t<\/div>","protected":false},"excerpt":{"rendered":"<p>Mi\u00e9rt csak vend\u00e9gl\u00e1t\u00f3knak? Lorem ipsum dolor sit amet, consectetur adipiscing elit. Ut elit tellus, luctus nec ullamcorper mattis, pulvinar dapibus leo. C\u00edm Morbi ut vestibulum nunc, eget iaculis massa. Vivamus eget eleifend velit. Nullam metus enim, consequat in maximus ut, rutrum sed leo. Quisque vitae feugiat dolor, eget egestas velit. Cras interdum dolor ut vulputate [&hellip;]<\/p>\n","protected":false},"author":1,"featured_media":0,"parent":0,"menu_order":0,"comment_status":"closed","ping_status":"closed","template":"elementor_header_footer","meta":{"site-sidebar-layout":"default","site-content-layout":"","ast-site-content-layout":"default","site-content-style":"default","site-sidebar-style":"default","ast-global-header-display":"","ast-banner-title-visibility":"","ast-main-header-display":"","ast-hfb-above-header-display":"","ast-hfb-below-header-display":"","ast-hfb-mobile-header-display":"","site-post-title":"","ast-breadcrumbs-content":"","ast-featured-img":"","footer-sml-layout":"","ast-disable-related-posts":"","theme-transparent-header-meta":"default","adv-header-id-meta":"","stick-header-meta":"","header-above-stick-meta":"","header-main-stick-meta":"","header-below-stick-meta":"","astra-migrate-meta-layouts":"set","ast-page-background-enabled":"default","ast-page-background-meta":{"desktop":{"background-color":"var(--ast-global-color-4)","background-image":"","background-repeat":"repeat","background-position":"center center","background-size":"auto","background-attachment":"scroll","background-type":"","background-media":"","overlay-type":"","overlay-color":"","overlay-opacity":"","overlay-gradient":""},"tablet":{"background-color":"","background-image":"","background-repeat":"repeat","background-position":"center center","background-size":"auto","background-attachment":"scroll","background-type":"","background-media":"","overlay-type":"","overlay-color":"","overlay-opacity":"","overlay-gradient":""},"mobile":{"background-color":"","background-image":"","background-repeat":"repeat","background-position":"center center","background-size":"auto","background-attachment":"scroll","background-type":"","background-media":"","overlay-type":"","overlay-color":"","overlay-opacity":"","overlay-gradient":""}},"ast-content-background-meta":{"desktop":{"background-color":"var(--ast-global-color-5)","background-image":"","background-repeat":"repeat","background-position":"center center","background-size":"auto","background-attachment":"scroll","background-type":"","background-media":"","overlay-type":"","overlay-color":"","overlay-opacity":"","overlay-gradient":""},"tablet":{"background-color":"var(--ast-global-color-5)","background-image":"","background-repeat":"repeat","background-position":"center center","background-size":"auto","background-attachment":"scroll","background-type":"","background-media":"","overlay-type":"","overlay-color":"","overlay-opacity":"","overlay-gradient":""},"mobile":{"background-color":"var(--ast-global-color-5)","background-image":"","background-repeat":"repeat","background-position":"center center","background-size":"auto","background-attachment":"scroll","background-type":"","background-media":"","overlay-type":"","overlay-color":"","overlay-opacity":"","overlay-gradient":""}},"footnotes":""},"class_list":["post-49","page","type-page","status-publish","hentry"],"yoast_head":"<!-- This site is optimized with the Yoast SEO plugin v27.5 - https:\/\/yoast.com\/product\/yoast-seo-wordpress\/ -->\n<title>Mi\u00e9rt csak vend\u00e9gl\u00e1t\u00f3knak? - rozsaszinelefant.com<\/title>\n<meta name=\"robots\" content=\"index, follow, max-snippet:-1, max-image-preview:large, max-video-preview:-1\" \/>\n<link rel=\"canonical\" href=\"https:\/\/rozsaszinelefant.com\/en\/miert-csak-vendeglatoknak\/\" \/>\n<meta property=\"og:locale\" content=\"en_GB\" \/>\n<meta property=\"og:type\" content=\"article\" \/>\n<meta property=\"og:title\" content=\"Mi\u00e9rt csak vend\u00e9gl\u00e1t\u00f3knak? - rozsaszinelefant.com\" \/>\n<meta property=\"og:description\" content=\"Mi\u00e9rt csak vend\u00e9gl\u00e1t\u00f3knak? Lorem ipsum dolor sit amet, consectetur adipiscing elit. Ut elit tellus, luctus nec ullamcorper mattis, pulvinar dapibus leo. C\u00edm Morbi ut vestibulum nunc, eget iaculis massa. Vivamus eget eleifend velit. Nullam metus enim, consequat in maximus ut, rutrum sed leo. Quisque vitae feugiat dolor, eget egestas velit. Cras interdum dolor ut vulputate [&hellip;]\" \/>\n<meta property=\"og:url\" content=\"https:\/\/rozsaszinelefant.com\/en\/miert-csak-vendeglatoknak\/\" \/>\n<meta property=\"og:site_name\" content=\"rozsaszinelefant.com\" \/>\n<meta property=\"article:modified_time\" content=\"2023-10-27T16:08:25+00:00\" \/>\n<meta name=\"twitter:card\" content=\"summary_large_image\" \/>\n<meta name=\"twitter:label1\" content=\"Estimated reading time\" \/>\n\t<meta name=\"twitter:data1\" content=\"2 minutes\" \/>\n<script type=\"application\/ld+json\" class=\"yoast-schema-graph\">{\"@context\":\"https:\\\/\\\/schema.org\",\"@graph\":[{\"@type\":\"WebPage\",\"@id\":\"https:\\\/\\\/rozsaszinelefant.com\\\/miert-csak-vendeglatoknak\\\/\",\"url\":\"https:\\\/\\\/rozsaszinelefant.com\\\/miert-csak-vendeglatoknak\\\/\",\"name\":\"Mi\u00e9rt csak vend\u00e9gl\u00e1t\u00f3knak? - rozsaszinelefant.com\",\"isPartOf\":{\"@id\":\"https:\\\/\\\/rozsaszinelefant.com\\\/#website\"},\"datePublished\":\"2023-10-27T13:43:17+00:00\",\"dateModified\":\"2023-10-27T16:08:25+00:00\",\"breadcrumb\":{\"@id\":\"https:\\\/\\\/rozsaszinelefant.com\\\/miert-csak-vendeglatoknak\\\/#breadcrumb\"},\"inLanguage\":\"en-GB\",\"potentialAction\":[{\"@type\":\"ReadAction\",\"target\":[\"https:\\\/\\\/rozsaszinelefant.com\\\/miert-csak-vendeglatoknak\\\/\"]}]},{\"@type\":\"BreadcrumbList\",\"@id\":\"https:\\\/\\\/rozsaszinelefant.com\\\/miert-csak-vendeglatoknak\\\/#breadcrumb\",\"itemListElement\":[{\"@type\":\"ListItem\",\"position\":1,\"name\":\"Kezd\u0151lap\",\"item\":\"https:\\\/\\\/rozsaszinelefant.com\\\/\"},{\"@type\":\"ListItem\",\"position\":2,\"name\":\"Mi\u00e9rt csak vend\u00e9gl\u00e1t\u00f3knak?\"}]},{\"@type\":\"WebSite\",\"@id\":\"https:\\\/\\\/rozsaszinelefant.com\\\/#website\",\"url\":\"https:\\\/\\\/rozsaszinelefant.com\\\/\",\"name\":\"rozsaszinelefant.com\",\"description\":\"\",\"publisher\":{\"@id\":\"https:\\\/\\\/rozsaszinelefant.com\\\/#organization\"},\"potentialAction\":[{\"@type\":\"SearchAction\",\"target\":{\"@type\":\"EntryPoint\",\"urlTemplate\":\"https:\\\/\\\/rozsaszinelefant.com\\\/?s={search_term_string}\"},\"query-input\":{\"@type\":\"PropertyValueSpecification\",\"valueRequired\":true,\"valueName\":\"search_term_string\"}}],\"inLanguage\":\"en-GB\"},{\"@type\":\"Organization\",\"@id\":\"https:\\\/\\\/rozsaszinelefant.com\\\/#organization\",\"name\":\"rozsaszinelefant.com\",\"url\":\"https:\\\/\\\/rozsaszinelefant.com\\\/\",\"logo\":{\"@type\":\"ImageObject\",\"inLanguage\":\"en-GB\",\"@id\":\"https:\\\/\\\/rozsaszinelefant.com\\\/#\\\/schema\\\/logo\\\/image\\\/\",\"url\":\"https:\\\/\\\/rozsaszinelefant.com\\\/wp-content\\\/uploads\\\/2025\\\/05\\\/rozsaszinelefant-logo-001.svg\",\"contentUrl\":\"https:\\\/\\\/rozsaszinelefant.com\\\/wp-content\\\/uploads\\\/2025\\\/05\\\/rozsaszinelefant-logo-001.svg\",\"width\":893,\"height\":499,\"caption\":\"rozsaszinelefant.com\"},\"image\":{\"@id\":\"https:\\\/\\\/rozsaszinelefant.com\\\/#\\\/schema\\\/logo\\\/image\\\/\"}}]}<\/script>\n<!-- \/ Yoast SEO plugin. -->","yoast_head_json":{"title":"Mi\u00e9rt csak vend\u00e9gl\u00e1t\u00f3knak? - rozsaszinelefant.com","robots":{"index":"index","follow":"follow","max-snippet":"max-snippet:-1","max-image-preview":"max-image-preview:large","max-video-preview":"max-video-preview:-1"},"canonical":"https:\/\/rozsaszinelefant.com\/en\/miert-csak-vendeglatoknak\/","og_locale":"en_GB","og_type":"article","og_title":"Mi\u00e9rt csak vend\u00e9gl\u00e1t\u00f3knak? - rozsaszinelefant.com","og_description":"Mi\u00e9rt csak vend\u00e9gl\u00e1t\u00f3knak? Lorem ipsum dolor sit amet, consectetur adipiscing elit. Ut elit tellus, luctus nec ullamcorper mattis, pulvinar dapibus leo. C\u00edm Morbi ut vestibulum nunc, eget iaculis massa. Vivamus eget eleifend velit. Nullam metus enim, consequat in maximus ut, rutrum sed leo. Quisque vitae feugiat dolor, eget egestas velit. Cras interdum dolor ut vulputate [&hellip;]","og_url":"https:\/\/rozsaszinelefant.com\/en\/miert-csak-vendeglatoknak\/","og_site_name":"rozsaszinelefant.com","article_modified_time":"2023-10-27T16:08:25+00:00","twitter_card":"summary_large_image","twitter_misc":{"Estimated reading time":"2 minutes"},"schema":{"@context":"https:\/\/schema.org","@graph":[{"@type":"WebPage","@id":"https:\/\/rozsaszinelefant.com\/miert-csak-vendeglatoknak\/","url":"https:\/\/rozsaszinelefant.com\/miert-csak-vendeglatoknak\/","name":"Mi\u00e9rt csak vend\u00e9gl\u00e1t\u00f3knak? - rozsaszinelefant.com","isPartOf":{"@id":"https:\/\/rozsaszinelefant.com\/#website"},"datePublished":"2023-10-27T13:43:17+00:00","dateModified":"2023-10-27T16:08:25+00:00","breadcrumb":{"@id":"https:\/\/rozsaszinelefant.com\/miert-csak-vendeglatoknak\/#breadcrumb"},"inLanguage":"en-GB","potentialAction":[{"@type":"ReadAction","target":["https:\/\/rozsaszinelefant.com\/miert-csak-vendeglatoknak\/"]}]},{"@type":"BreadcrumbList","@id":"https:\/\/rozsaszinelefant.com\/miert-csak-vendeglatoknak\/#breadcrumb","itemListElement":[{"@type":"ListItem","position":1,"name":"Kezd\u0151lap","item":"https:\/\/rozsaszinelefant.com\/"},{"@type":"ListItem","position":2,"name":"Mi\u00e9rt csak vend\u00e9gl\u00e1t\u00f3knak?"}]},{"@type":"WebSite","@id":"https:\/\/rozsaszinelefant.com\/#website","url":"https:\/\/rozsaszinelefant.com\/","name":"rozsaszinelefant.com","description":"","publisher":{"@id":"https:\/\/rozsaszinelefant.com\/#organization"},"potentialAction":[{"@type":"SearchAction","target":{"@type":"EntryPoint","urlTemplate":"https:\/\/rozsaszinelefant.com\/?s={search_term_string}"},"query-input":{"@type":"PropertyValueSpecification","valueRequired":true,"valueName":"search_term_string"}}],"inLanguage":"en-GB"},{"@type":"Organization","@id":"https:\/\/rozsaszinelefant.com\/#organization","name":"rozsaszinelefant.com","url":"https:\/\/rozsaszinelefant.com\/","logo":{"@type":"ImageObject","inLanguage":"en-GB","@id":"https:\/\/rozsaszinelefant.com\/#\/schema\/logo\/image\/","url":"https:\/\/rozsaszinelefant.com\/wp-content\/uploads\/2025\/05\/rozsaszinelefant-logo-001.svg","contentUrl":"https:\/\/rozsaszinelefant.com\/wp-content\/uploads\/2025\/05\/rozsaszinelefant-logo-001.svg","width":893,"height":499,"caption":"rozsaszinelefant.com"},"image":{"@id":"https:\/\/rozsaszinelefant.com\/#\/schema\/logo\/image\/"}}]}},"_links":{"self":[{"href":"https:\/\/rozsaszinelefant.com\/en\/wp-json\/wp\/v2\/pages\/49","targetHints":{"allow":["GET"]}}],"collection":[{"href":"https:\/\/rozsaszinelefant.com\/en\/wp-json\/wp\/v2\/pages"}],"about":[{"href":"https:\/\/rozsaszinelefant.com\/en\/wp-json\/wp\/v2\/types\/page"}],"author":[{"embeddable":true,"href":"https:\/\/rozsaszinelefant.com\/en\/wp-json\/wp\/v2\/users\/1"}],"replies":[{"embeddable":true,"href":"https:\/\/rozsaszinelefant.com\/en\/wp-json\/wp\/v2\/comments?post=49"}],"version-history":[{"count":17,"href":"https:\/\/rozsaszinelefant.com\/en\/wp-json\/wp\/v2\/pages\/49\/revisions"}],"predecessor-version":[{"id":269,"href":"https:\/\/rozsaszinelefant.com\/en\/wp-json\/wp\/v2\/pages\/49\/revisions\/269"}],"wp:attachment":[{"href":"https:\/\/rozsaszinelefant.com\/en\/wp-json\/wp\/v2\/media?parent=49"}],"curies":[{"name":"wp","href":"https:\/\/api.w.org\/{rel}","templated":true}]}}